{"id":120,"date":"2018-04-17T22:29:11","date_gmt":"2018-04-17T20:29:11","guid":{"rendered":"http:\/\/www.cihanaba.www84.hostkraft.de\/wordpress\/?page_id=120"},"modified":"2018-05-04T21:46:03","modified_gmt":"2018-05-04T19:46:03","slug":"atoelye","status":"publish","type":"page","link":"https:\/\/www.kirvemsazevi.com\/de\/atoelye\/","title":{"rendered":"Atelier"},"content":{"rendered":"<div style=\"margin-top: -120px;\">\n<h1>Saz-Atelier<\/h1>\n<p>Seit 2003 bekommen Sie hier handgemachte Saz Instrumente aus unserer eigenen Manufaktur sowie das komplette Zubeh\u00f6r.<\/p>\n<p>Professionelle Fachberatung, mit dem Wissen und K\u00f6nnen \u00fcber die Herstellung von Saz Instrumenten, garantiert Ihnen die richtige Wahl f\u00fcr Ihre musikalischen Neigungen.<\/p>\n<div id=\"metaslider-id-113\" style=\"width: 100%; margin: 0 auto;\" class=\"ml-slider-3-90-0 metaslider metaslider-flex metaslider-113 ml-slider ms-theme-default nav-hidden\" role=\"region\" aria-roledescription=\"Slideshow\" aria-label=\"New Slideshow\">\n    <div id=\"metaslider_container_113\">\n        <div id=\"metaslider_113\">\n            <ul class='slides'>\n                <li style=\"display: block; width: 100%;\" class=\"slide-114 ms-image \" aria-roledescription=\"slide\" aria-label=\"slide-114\"><img loading=\"lazy\" decoding=\"async\" src=\"https:\/\/www.kirvemsazevi.com\/de\/wp-content\/uploads\/2018\/04\/IMG_1360-640x274.jpg\" height=\"300\" width=\"700\" alt=\"\" class=\"slider-113 slide-114\" title=\"IMG_1360\" \/><\/li>\n                <li style=\"display: none; width: 100%;\" class=\"slide-117 ms-image \" aria-roledescription=\"slide\" aria-label=\"slide-117\"><img loading=\"lazy\" decoding=\"async\" src=\"https:\/\/www.kirvemsazevi.com\/de\/wp-content\/uploads\/2018\/04\/IMG_1358-640x274.jpg\" height=\"300\" width=\"700\" alt=\"\" class=\"slider-113 slide-117\" title=\"IMG_1358\" \/><\/li>\n                <li style=\"display: none; width: 100%;\" class=\"slide-116 ms-image \" aria-roledescription=\"slide\" aria-label=\"slide-116\"><img loading=\"lazy\" decoding=\"async\" src=\"https:\/\/www.kirvemsazevi.com\/de\/wp-content\/uploads\/2018\/04\/IMG_1371-640x274.jpg\" height=\"300\" width=\"700\" alt=\"\" class=\"slider-113 slide-116\" title=\"IMG_1371\" \/><\/li>\n                <li style=\"display: none; width: 100%;\" class=\"slide-115 ms-image \" aria-roledescription=\"slide\" aria-label=\"slide-115\"><img loading=\"lazy\" decoding=\"async\" src=\"https:\/\/www.kirvemsazevi.com\/de\/wp-content\/uploads\/2018\/04\/IMG_1361-640x274.jpg\" height=\"300\" width=\"700\" alt=\"\" class=\"slider-113 slide-115\" title=\"IMG_1361\" \/><\/li>\n                <li style=\"display: none; width: 100%;\" class=\"slide-119 ms-image \" aria-roledescription=\"slide\" aria-label=\"slide-119\"><img loading=\"lazy\" decoding=\"async\" src=\"https:\/\/www.kirvemsazevi.com\/de\/wp-content\/uploads\/2018\/04\/IMG_1362-640x274.jpg\" height=\"300\" width=\"700\" alt=\"\" class=\"slider-113 slide-119\" title=\"IMG_1362\" \/><\/li>\n                <li style=\"display: none; width: 100%;\" class=\"slide-118 ms-image \" aria-roledescription=\"slide\" aria-label=\"slide-118\"><img loading=\"lazy\" decoding=\"async\" src=\"https:\/\/www.kirvemsazevi.com\/de\/wp-content\/uploads\/2018\/04\/IMG_1363-640x274.jpg\" height=\"300\" width=\"700\" alt=\"\" class=\"slider-113 slide-118\" title=\"IMG_1363\" \/><\/li>\n            <\/ul>\n        <\/div>\n        \n    <\/div>\n<\/div>\n<h2 class=\"xr_tl Heading_2\">Beratung und Service von Anfang an!<\/h2>\n<p><span class=\"xr_tl Normal_text\">Gerade in der Musikbranche ist die Auswahl eines guten Saz Instrumentes, das individuellen Anspr\u00fcchen <\/span><span class=\"xr_tl Normal_text\">gen\u00fcgen soll, abh\u00e4ngig von einer kompetenten Fachberatung. Besonders, wenn professionelle <\/span><span class=\"xr_tl Normal_text\">Musiker kritisch in der Auswahl ihrer Instrumente sind und mehr denn je gehobene Anspr\u00fcche stellen. <\/span><\/p>\n<p><span class=\"xr_tl Normal_text\">Ein <\/span><span class=\"xr_tl Normal_text\">Musikinstrument sollte immer den individuellen Anforderungen des Musikers entsprechen. Deshalb legen <\/span><span class=\"xr_tl Normal_text\">wir einen <span class=\"Normal_text\">besonderen Wert auf eine gute, individuelle und fachliche Beratung, <\/span>sowie einen <\/span><span class=\"xr_tl Normal_text\">umfassenden Service an Instrumenten<\/span><\/p>\n<\/div>\n<h2 class=\"xr_tl Heading_2\">So finden Sie uns<\/h2>\n<div style=\"position: relative; height: 0; overflow: hidden; padding-bottom: 50%;\"><iframe loading=\"lazy\" style=\"position: absolute; border: 0; width: 100% !important; height: 100% !important; top: 0; left: 0;\" src=\"https:\/\/www.google.com\/maps\/embed?pb=!1m18!1m12!1m3!1d2566.076708849459!2d8.34558131571414!3d49.972419979412294!2m3!1f0!2f0!3f0!3m2!1i1024!2i768!4f13.1!3m3!1m2!1s0x0%3A0x7260a9095a689291!2sKirvem+Saz+Evi!5e0!3m2!1sde!2sde!4v1525462785269\" width=\"300\" height=\"150\" frameborder=\"0\" allowfullscreen=\"allowfullscreen\"><\/iframe><\/div>\n","protected":false},"excerpt":{"rendered":"<p>Saz-Atelier Seit 2003 bekommen Sie hier handgemachte Saz Instrumente aus unserer eigenen Manufaktur sowie das komplette Zubeh\u00f6r. Professionelle Fachberatung, mit dem Wissen und K\u00f6nnen \u00fcber die Herstellung von Saz Instrumenten, garantiert Ihnen die richtige Wahl f\u00fcr Ihre musikalischen Neigungen. Beratung und Service von Anfang an! Gerade in der Musikbranche ist die Auswahl eines guten Saz [&hellip;]<\/p>\n","protected":false},"author":1,"featured_media":0,"parent":0,"menu_order":0,"comment_status":"closed","ping_status":"closed","template":"","meta":{"_exactmetrics_skip_tracking":false,"_exactmetrics_sitenote_active":false,"_exactmetrics_sitenote_note":"","_exactmetrics_sitenote_category":0,"spay_email":"","footnotes":""},"yst_prominent_words":[180,178,176,181,107,177,175,87,179],"_links":{"self":[{"href":"https:\/\/www.kirvemsazevi.com\/de\/wp-json\/wp\/v2\/pages\/120"}],"collection":[{"href":"https:\/\/www.kirvemsazevi.com\/de\/wp-json\/wp\/v2\/pages"}],"about":[{"href":"https:\/\/www.kirvemsazevi.com\/de\/wp-json\/wp\/v2\/types\/page"}],"author":[{"embeddable":true,"href":"https:\/\/www.kirvemsazevi.com\/de\/wp-json\/wp\/v2\/users\/1"}],"replies":[{"embeddable":true,"href":"https:\/\/www.kirvemsazevi.com\/de\/wp-json\/wp\/v2\/comments?post=120"}],"version-history":[{"count":0,"href":"https:\/\/www.kirvemsazevi.com\/de\/wp-json\/wp\/v2\/pages\/120\/revisions"}],"wp:attachment":[{"href":"https:\/\/www.kirvemsazevi.com\/de\/wp-json\/wp\/v2\/media?parent=120"}],"wp:term":[{"taxonomy":"yst_prominent_words","embeddable":true,"href":"https:\/\/www.kirvemsazevi.com\/de\/wp-json\/wp\/v2\/yst_prominent_words?post=120"}],"curies":[{"name":"wp","href":"https:\/\/api.w.org\/{rel}","templated":true}]}}