{"id":29,"date":"2018-04-09T17:58:02","date_gmt":"2018-04-09T15:58:02","guid":{"rendered":"http:\/\/localhost\/wordpress\/widerrufsbelehrung\/"},"modified":"2021-07-15T15:29:09","modified_gmt":"2021-07-15T13:29:09","slug":"widerrufsbelehrung","status":"publish","type":"page","link":"https:\/\/www.kirvemsazevi.com\/de\/widerrufsbelehrung\/","title":{"rendered":"Widerrufsbelehrung &#038; Muster-Widerrufsformular"},"content":{"rendered":"<h3>Widerrufsrecht (<a style=\"font-size: 14px;\" href=\"http:\/\/www.cihanaba.www84.hostkraft.de\/wordpress\/wp-content\/uploads\/2018\/04\/Widerrufsrecht.pdf\">Als PDF downloaden<\/a>)<\/h3>\n<p>Sie haben das Recht, binnen vierzehn Tagen ohne Angabe von Gr\u00fcnden diesen Vertrag zu widerrufen.<br \/>Die Widerrufsfrist betr\u00e4gt vierzehn Tage ab dem Tag, an dem Sie oder ein von Ihnen benannter Dritter, der nicht der Bef\u00f6rderer ist, die Waren in Besitz genommen haben bzw. hat.<\/p>\n<p>Um Ihr Widerrufsrecht auszu\u00fcben, m\u00fcssen Sie uns (Kirvem Saz Evi, Taunusstr 4a, 65462 Ginsheim, info@kirvemsazevi.com, Telefon: 0152 54116100) mittels einer eindeutigen Erkl\u00e4rung (z. B. ein mit der Post versandter Brief, Telefax oder E-Mail) \u00fcber Ihren Entschluss, diesen Vertrag zu widerrufen, informieren. Sie k\u00f6nnen daf\u00fcr das beigef\u00fcgte Muster-Widerrufsformular verwenden, das jedoch nicht vorgeschrieben ist.<\/p>\n<p>Zur Wahrung der Widerrufsfrist reicht es aus, dass Sie die Mitteilung \u00fcber die Aus\u00fcbung des Widerrufsrechts vor Ablauf der Widerrufsfrist absenden.<\/p>\n<p>Folgen des Widerrufs<br \/>Wenn Sie diesen Vertrag widerrufen, haben wir Ihnen alle Zahlungen, die wir von Ihnen erhalten haben, einschlie\u00dflich der Lieferkosten (mit Ausnahme der zus\u00e4tzlichen Kosten, die sich daraus ergeben, dass Sie eine andere Art der Lieferung als die von uns angebotene, g\u00fcnstigste Standardlieferung gew\u00e4hlt haben), unverz\u00fcglich und sp\u00e4testens binnen vierzehn Tagen ab dem Tag zur\u00fcckzuzahlen, an dem die Mitteilung \u00fcber Ihren Widerruf dieses Vertrags bei uns eingegangen ist. F\u00fcr diese R\u00fcckzahlung verwenden wir dasselbe Zahlungsmittel, das Sie bei der urspr\u00fcnglichen Transaktion eingesetzt haben, es sei denn, mit Ihnen wurde ausdr\u00fccklich etwas anderes vereinbart; in keinem Fall werden Ihnen wegen dieser R\u00fcckzahlung Entgelte berechnet. Wir k\u00f6nnen die R\u00fcckzahlung verweigern, bis wir die Waren wieder zur\u00fcckerhalten haben oder bis Sie den Nachweis erbracht haben, dass Sie die Waren zur\u00fcckgesandt haben, je nachdem, welches der fr\u00fchere Zeitpunkt ist.<\/p>\n<p>Sie haben die Waren unverz\u00fcglich und in jedem Fall sp\u00e4testens binnen vierzehn Tagen ab dem Tag, an dem Sie uns \u00fcber den Widerruf dieses Vertrags unterrichten, an uns zur\u00fcckzusenden oder zu \u00fcbergeben. Die Frist ist gewahrt, wenn Sie die Waren vor Ablauf der Frist von vierzehn Tagen absenden. Sie tragen die unmittelbaren Kosten der R\u00fccksendung der Waren. Sie m\u00fcssen f\u00fcr einen etwaigen Wertverlust der Waren nur aufkommen, wenn dieser Wertverlust auf einen zur Pr\u00fcfung der Beschaffenheit, Eigenschaften und Funktionsweise der Waren nicht notwendigen Umgang mit ihnen zur\u00fcckzuf\u00fchren ist.<\/p>\n<p>Muster-Widerrufsformular<br \/>(Wenn Sie den Vertrag widerrufen wollen, dann f\u00fcllen Sie bitte dieses Formular aus und senden Sie es zur\u00fcck.)<\/p>\n<p>\u2013 An Kirvem Saz Evi, Taunusstr 4a, 65462 Ginsheim, info@kirvemsazevi.com<\/p>\n<p>\u2013 Hiermit widerrufe(n) ich\/wir (*) den von mir\/uns (*) abgeschlossenen Vertrag \u00fcber den Kauf der folgenden Waren (*)\/die Erbringung der folgenden Dienstleistung (*)<\/p>\n<p>\u2013 Bestellt am (*)\/erhalten am (*)<\/p>\n<p>\u2013 Name des\/der Verbraucher(s)<\/p>\n<p>\u2013 Anschrift des\/der Verbraucher(s)<\/p>\n<p>\u2013 Unterschrift des\/der Verbraucher(s) (nur bei Mitteilung auf Papier)<\/p>\n<p>\u2013 Datum<\/p>\n<p>(*) Unzutreffendes streichen.<\/p>\n<h3>Muster-Widerrufsformular<\/h3>\n<p>Unser Muster-Widerrufsformular im PDF-Format: <a href=\"http:\/\/www.cihanaba.www84.hostkraft.de\/wordpress\/wp-content\/uploads\/2018\/04\/Muster-Widerrufsformular.pdf\">DOWNLOAD<\/a><\/p>\n<p>Um die zum Download angebotenen PDF-Dateien zu \u00f6ffnen, ben\u00f6tigen Sie ein Zusatzprogramm, wie zum Beispiel den Adobe Reader, welchen Sie im Internet kostenfrei herunterladen k\u00f6nnen. Die aktuelle Version des Adobe Readers finden Sie <a href=\"http:\/\/get.adobe.com\/de\/reader\/\">hier<\/a>.<\/p>\n<p>\u00a0<\/p>\n<h3>PAYPAL Ratenzahlung Widerrufsbelehrung<\/h3>\n<div class=\"jurabsatz\">\n<p>Widerrufsrecht<br \/>Sie k\u00f6nnen Ihre Vertragserkl\u00e4rung innerhalb von 14 Tagen ohne Angabe von Gr\u00fcnden<br \/>widerrufen. Die Frist beginnt nach Abschluss des Vertrags, aber erst, nachdem Sie alle<br \/>Pflichtangaben nach \u00a7 492 Absatz 2 BGB (z.B. Angabe zur Art des Darlehens, Angabe zum<br \/>Nettodarlehensbetrag (Barzahlungspreis), Angabe zur Vertragslaufzeit) erhalten haben. Sie<br \/>haben alle Pflichtangaben erhalten, wenn sie in der f\u00fcr Sie bestimmten Ausfertigung Ihres<br \/>Antrags oder in der f\u00fcr Sie bestimmten Ausfertigung der Vertragsurkunde oder der<br \/>Vertragsurkunde enthalten sind und Ihnen eine solche Unterlage zur Verf\u00fcgung gestellt worden<br \/>ist. \u00dcber in den Vertragstext nicht aufgenommene Pflichtangaben k\u00f6nnen Sie nachtr\u00e4glich auf<br \/>einem dauerhaften Datentr\u00e4ger informiert werden; die Widerrufsfrist betr\u00e4gt dann einen Monat.<br \/>Sie sind mit den nachgeholten Pflichtangaben nochmals auf den Beginn der Widerrufsfrist<br \/>hinzuweisen. Zur Wahrung der Widerrufsfrist gen\u00fcgt die rechtzeitige Absendung des Widerrufs,<br \/>wenn die Erkl\u00e4rung auf einem dauerhaften Datentr\u00e4ger (z.B. Brief, Telefax, E-Mail) erfolgt. Der<br \/>Widerruf ist zu richten an:<br \/>Kirvem Saz Evi , Taunusstr 4a, 65462 Ginsheim-Gustavsburg, info@kirvemsazevi.com<\/p>\n<p>Widerrufsfolgen<br \/>Soweit Sie das Teilzahlungsgesch\u00e4ft bereits geschlossen haben, haben Sie das<br \/>Teilzahlungsgesch\u00e4ft sp\u00e4testens innerhalb von 30 Tagen zu widerrufen und f\u00fcr den Zeitraum<br \/>zwischen Vertragsschluss und Widerrufserkl\u00e4rung den vereinbarten Sollzins zu entrichten. Die<br \/>Frist beginnt mit der Absendung der Widerrufserkl\u00e4rung. F\u00fcr den Zeitraum zwischen<br \/>Vertragsschluss und Widerrufserkl\u00e4rung ist bei vollst\u00e4ndiger Inanspruchnahme des<br \/>Teilzahlungsgesch\u00e4fts pro Tag ein Zinsbetrag in H\u00f6he von 0,25 Euro zu zahlen. Dieser Betrag<br \/>verringert sich entsprechend, wenn das Teilzahlungsgesch\u00e4ft nur teilweise in Anspruch<br \/>genommen wurde.<br \/>Sie haben die Waren unverz\u00fcglich und in jedem Fall sp\u00e4testens binnen vierzehn Tagen ab dem<br \/>Tag, an dem Sie uns \u00fcber den Widerruf dieses Vertrags unterrichten, an uns zur\u00fcckzusenden<br \/>oder zu \u00fcbergeben. Die Frist ist gewahrt, wenn Sie die Waren vor Ablauf der Frist von vierzehn<br \/>Tagen absenden.<br \/>Sie tragen die unmittelbaren Kosten der R\u00fccksendung der Waren.<\/p>\n<\/div><p><\/p>","protected":false},"excerpt":{"rendered":"<p>Widerrufsrecht (Als PDF downloaden) Sie haben das Recht, binnen vierzehn Tagen ohne Angabe von Gr\u00fcnden diesen Vertrag zu widerrufen.Die Widerrufsfrist betr\u00e4gt vierzehn Tage ab dem Tag, an dem Sie oder ein von Ihnen benannter Dritter, der nicht der Bef\u00f6rderer ist, die Waren in Besitz genommen haben bzw. hat. Um Ihr Widerrufsrecht auszu\u00fcben, m\u00fcssen Sie uns [&hellip;]<\/p>\n","protected":false},"author":1,"featured_media":0,"parent":0,"menu_order":0,"comment_status":"closed","ping_status":"closed","template":"","meta":{"_exactmetrics_skip_tracking":false,"_exactmetrics_sitenote_active":false,"_exactmetrics_sitenote_note":"","_exactmetrics_sitenote_category":0,"spay_email":"","footnotes":""},"yst_prominent_words":[268,262,269,263,267,261,256,293,294,295,292],"_links":{"self":[{"href":"https:\/\/www.kirvemsazevi.com\/de\/wp-json\/wp\/v2\/pages\/29"}],"collection":[{"href":"https:\/\/www.kirvemsazevi.com\/de\/wp-json\/wp\/v2\/pages"}],"about":[{"href":"https:\/\/www.kirvemsazevi.com\/de\/wp-json\/wp\/v2\/types\/page"}],"author":[{"embeddable":true,"href":"https:\/\/www.kirvemsazevi.com\/de\/wp-json\/wp\/v2\/users\/1"}],"replies":[{"embeddable":true,"href":"https:\/\/www.kirvemsazevi.com\/de\/wp-json\/wp\/v2\/comments?post=29"}],"version-history":[{"count":0,"href":"https:\/\/www.kirvemsazevi.com\/de\/wp-json\/wp\/v2\/pages\/29\/revisions"}],"wp:attachment":[{"href":"https:\/\/www.kirvemsazevi.com\/de\/wp-json\/wp\/v2\/media?parent=29"}],"wp:term":[{"taxonomy":"yst_prominent_words","embeddable":true,"href":"https:\/\/www.kirvemsazevi.com\/de\/wp-json\/wp\/v2\/yst_prominent_words?post=29"}],"curies":[{"name":"wp","href":"https:\/\/api.w.org\/{rel}","templated":true}]}}