{"id":30,"date":"2018-04-09T17:58:02","date_gmt":"2018-04-09T15:58:02","guid":{"rendered":"http:\/\/localhost\/wordpress\/versandarten\/"},"modified":"2019-12-24T15:07:47","modified_gmt":"2019-12-24T13:07:47","slug":"versandarten","status":"publish","type":"page","link":"https:\/\/www.kirvemsazevi.com\/de\/versandarten\/","title":{"rendered":"Versandarten &#038; Zahlungsarten"},"content":{"rendered":"<div style=\"margin-top: -100px;\">\n<h3>Versandkosten in Deutschland gratis<\/h3>\n<p>Versand \u00fcber Deutsche Post (Lieferzeit 2-3 Werktage)<br \/>Paket Versand \u00fcber DPD (Lieferzeit 3-4 Werktage)<\/p>\n<p>Versand in EU und USA inkl. Gro\u00dfbritanien<br \/>(Beim Versand in die Schweiz und USA k\u00f6nnen eventuell Zollgeb\u00fchren anfallen)<\/p>\n<p>Versand \u00fcber Deutsche Post (Lieferzeit 4-6 Werktage)<\/p>\n<table style=\"width: 200px; text-align: right;\">\n<tbody>\n<tr>\n<td>Baglama Saiten<\/td>\n<td>0,95\u20ac<\/td>\n<\/tr>\n<tr>\n<td>Capodaster<\/td>\n<td>3,70\u20ac<\/td>\n<\/tr>\n<\/tbody>\n<\/table>\n<p>Versand \u00fcber DPD bis 500\u20ac versichert (Lieferzeit 4-6 Werktage)<\/p>\n<table style=\"width: 200px; text-align: right;\">\n<tbody>\n<tr>\n<td>Saz Tasche<\/td>\n<td>9,99\u20ac<\/td>\n<\/tr>\n<tr>\n<td>Saz Baglama<\/td>\n<td>9,99\u20ac<\/td>\n<\/tr>\n<\/tbody>\n<\/table>\n<p>Versand au\u00dferhalb der EU und USA nur auf Anfrage.<\/p>\n<\/div>\n<p><strong>Zahlungsarten<\/strong><\/p>\n<p>Vorkasse, Paypal, Lastschrift, Paypal Kauf auf Rechnung Bonit\u00e4tsabh\u00e4ngig, Paypal Ratenzahlung ab 199\u20ac bis 5000\u20ac in nur in Deutschland Bonit\u00e4tsabh\u00e4ngig<\/p><p><\/p>","protected":false},"excerpt":{"rendered":"<p>Versandkosten in Deutschland gratis Versand \u00fcber Deutsche Post (Lieferzeit 2-3 Werktage)Paket Versand \u00fcber DPD (Lieferzeit 3-4 Werktage) Versand in EU und USA inkl. Gro\u00dfbritanien(Beim Versand in die Schweiz und USA k\u00f6nnen eventuell Zollgeb\u00fchren anfallen) Versand \u00fcber Deutsche Post (Lieferzeit 4-6 Werktage) Baglama Saiten 0,95\u20ac Capodaster 3,70\u20ac Versand \u00fcber DPD bis 500\u20ac versichert (Lieferzeit 4-6 Werktage) [&hellip;]<\/p>\n","protected":false},"author":1,"featured_media":0,"parent":0,"menu_order":0,"comment_status":"closed","ping_status":"closed","template":"","meta":{"_exactmetrics_skip_tracking":false,"_exactmetrics_sitenote_active":false,"_exactmetrics_sitenote_note":"","_exactmetrics_sitenote_category":0,"spay_email":"","footnotes":""},"yst_prominent_words":[153,158,150,145,316,160,149,155,152,146,243,159,151,157,154,147,144,143,148,156],"_links":{"self":[{"href":"https:\/\/www.kirvemsazevi.com\/de\/wp-json\/wp\/v2\/pages\/30"}],"collection":[{"href":"https:\/\/www.kirvemsazevi.com\/de\/wp-json\/wp\/v2\/pages"}],"about":[{"href":"https:\/\/www.kirvemsazevi.com\/de\/wp-json\/wp\/v2\/types\/page"}],"author":[{"embeddable":true,"href":"https:\/\/www.kirvemsazevi.com\/de\/wp-json\/wp\/v2\/users\/1"}],"replies":[{"embeddable":true,"href":"https:\/\/www.kirvemsazevi.com\/de\/wp-json\/wp\/v2\/comments?post=30"}],"version-history":[{"count":0,"href":"https:\/\/www.kirvemsazevi.com\/de\/wp-json\/wp\/v2\/pages\/30\/revisions"}],"wp:attachment":[{"href":"https:\/\/www.kirvemsazevi.com\/de\/wp-json\/wp\/v2\/media?parent=30"}],"wp:term":[{"taxonomy":"yst_prominent_words","embeddable":true,"href":"https:\/\/www.kirvemsazevi.com\/de\/wp-json\/wp\/v2\/yst_prominent_words?post=30"}],"curies":[{"name":"wp","href":"https:\/\/api.w.org\/{rel}","templated":true}]}}