{"id":386,"date":"2018-05-21T12:50:02","date_gmt":"2018-05-21T10:50:02","guid":{"rendered":"https:\/\/www.kirvemsazevi.com\/de\/?page_id=386"},"modified":"2018-05-21T12:50:23","modified_gmt":"2018-05-21T10:50:23","slug":"kontakt","status":"publish","type":"page","link":"https:\/\/www.kirvemsazevi.com\/de\/kontakt\/","title":{"rendered":"Kontakt"},"content":{"rendered":"<p>Telefon: <a href=\"tel:+4915254116100\">+49 152 54116100<\/a><br \/>\nSie k\u00f6nnen uns jederzeit Telefonisch, per WhatsApp oder SMS erreichen.<br \/>\nAlternativ k\u00f6nnen Sie uns jederzeit per Mail erreichen.<br \/>\nE-Mail: <a href=\"mailto:info@kirvemsazevi.com\">info@kirvemsazevi.com<\/a><\/p>\n<p>\u00dcber einen pers\u00f6nlichen Besuch freuen wir uns nat\u00fcrlich auch.<\/p>\n<p>Anschrift :<br \/>\nTaunusstr. 4A<br \/>\n65462 Ginsheim-Gustavsburg<br \/>\nDeutschland<\/p>\n<p>Unsere \u00d6ffnungszeiten :<br \/>\nMontag &#8211; Freitag  11:00\u201319:00<br \/>\nSamstag 11:00\u201316:00<\/p>\n<div style=\"position: relative; height: 0; overflow: hidden; padding-bottom: 50%;\"><iframe loading=\"lazy\" style=\"position: absolute; border: 0; width: 100% !important; height: 100% !important; top: 0; left: 0;\" src=\"https:\/\/www.google.com\/maps\/embed?pb=!1m18!1m12!1m3!1d2566.076708849459!2d8.34558131571414!3d49.972419979412294!2m3!1f0!2f0!3f0!3m2!1i1024!2i768!4f13.1!3m3!1m2!1s0x0%3A0x7260a9095a689291!2sKirvem+Saz+Evi!5e0!3m2!1sde!2sde!4v1525462785269\" width=\"300\" height=\"150\" frameborder=\"0\" allowfullscreen=\"allowfullscreen\"><\/iframe><\/div>\n","protected":false},"excerpt":{"rendered":"<p>Telefon: +49 152 54116100 Sie k\u00f6nnen uns jederzeit Telefonisch, per WhatsApp oder SMS erreichen. Alternativ k\u00f6nnen Sie uns jederzeit per Mail erreichen. E-Mail: info@kirvemsazevi.com \u00dcber einen pers\u00f6nlichen Besuch freuen wir uns nat\u00fcrlich auch. Anschrift : Taunusstr. 4A 65462 Ginsheim-Gustavsburg Deutschland Unsere \u00d6ffnungszeiten : Montag &#8211; Freitag 11:00\u201319:00 Samstag 11:00\u201316:00<\/p>\n","protected":false},"author":1,"featured_media":0,"parent":0,"menu_order":0,"comment_status":"closed","ping_status":"closed","template":"","meta":{"_exactmetrics_skip_tracking":false,"_exactmetrics_sitenote_active":false,"_exactmetrics_sitenote_note":"","_exactmetrics_sitenote_category":0,"spay_email":"","footnotes":""},"yst_prominent_words":[109,110],"_links":{"self":[{"href":"https:\/\/www.kirvemsazevi.com\/de\/wp-json\/wp\/v2\/pages\/386"}],"collection":[{"href":"https:\/\/www.kirvemsazevi.com\/de\/wp-json\/wp\/v2\/pages"}],"about":[{"href":"https:\/\/www.kirvemsazevi.com\/de\/wp-json\/wp\/v2\/types\/page"}],"author":[{"embeddable":true,"href":"https:\/\/www.kirvemsazevi.com\/de\/wp-json\/wp\/v2\/users\/1"}],"replies":[{"embeddable":true,"href":"https:\/\/www.kirvemsazevi.com\/de\/wp-json\/wp\/v2\/comments?post=386"}],"version-history":[{"count":0,"href":"https:\/\/www.kirvemsazevi.com\/de\/wp-json\/wp\/v2\/pages\/386\/revisions"}],"wp:attachment":[{"href":"https:\/\/www.kirvemsazevi.com\/de\/wp-json\/wp\/v2\/media?parent=386"}],"wp:term":[{"taxonomy":"yst_prominent_words","embeddable":true,"href":"https:\/\/www.kirvemsazevi.com\/de\/wp-json\/wp\/v2\/yst_prominent_words?post=386"}],"curies":[{"name":"wp","href":"https:\/\/api.w.org\/{rel}","templated":true}]}}