{"id":61,"date":"2018-04-11T00:20:08","date_gmt":"2018-04-10T22:20:08","guid":{"rendered":"http:\/\/www.cihanaba.www84.hostkraft.de\/wordpress\/?page_id=61"},"modified":"2025-03-18T19:22:27","modified_gmt":"2025-03-18T17:22:27","slug":"kurse","status":"publish","type":"page","link":"https:\/\/www.kirvemsazevi.com\/de\/kurse\/","title":{"rendered":"Kurse"},"content":{"rendered":"<h3 class=\"wp-block-heading\">Saz spielen lernen<\/h3><p>Die Baglama ist ein sehr interessantes Instrument, das bereits viele talentierte Menschen selber erlernen konnten. Jedoch hat heutzutage nicht mehr jeder die Zeit und die n\u00f6tige Hilfe um selbst ein Instrument zu erlernen. Im Internet finden sich zwar viele Hilfestellungen und Anleitungen, aber ohne die Hilfe eines Profis kann es passieren, dass man als Anf\u00e4nger die Elementarkenntnisse nie oder nicht richtig erlernt.<br>Deshalb bieten wir f\u00fcr Baglama interessierte Anf\u00e4nger, Quereinsteiger und auch bereits Fortgeschrittene Spieler unsere Kurse an, bei denen jeder sich weiterbilden und verbessern kann.<\/p><h3 class=\"wp-block-heading\"><strong>Kontakt<\/strong><\/h3><p><strong>Kontaktperson : Deniz G\u00fcnes (Unterricht in T\u00fcrkisch)<br>Mobil :\u00a0<\/strong><a href=\"tel:0152-54116100\">0152-54116100<\/a><\/p><p><strong>Lehrer<\/strong><\/p><p>Unsere Saz-Kurse werden alle von unserem Baglama Meister Deniz G\u00fcnes geleitet. Durch mehr als 30 Jahre Erfahrung mit dem Spielen und der Herstellung von Saiteninstrumenten aus der Familie der Baglamas wie der Kurz und Langhalzigen Baglama (auch bekannt als &#8222;Uzun Sap&#8220; und &#8222;Kisa Sap&#8220;), der Cura und dem Tambur, bietet er das n\u00f6tige Wissen um Anf\u00e4nger als auch Fortgeschrittene Spieler bei ihrem Lernprozess zu begleiten.\u00a0Zurzeit Unterrichtet Deniz G\u00fcnes in seinen Kursen auf T\u00fcrkisch.<\/p><p><strong>Anf\u00e4nger Kurse<\/strong><\/p><p>Als Anf\u00e4nger lernt man die Elementarkenntnisse, wie die richtige Haltung, das Lesen von Noten und die ersten Finger \u00dcbungen.&nbsp;<\/p><p>Ein Kurs muss mindestens aus f\u00fcnf Teilnehmern bestehen, weshalb wir Wartelisten f\u00fchren f\u00fcr die Anf\u00e4nger Kurse.<br><strong>Bitte kontaktieren Sie uns hierzu einfach Telefonisch.<\/strong><\/p><p>Die Kurse finden in der Regel einmal die Woche statt. Die Kurszeit ist durchschnittlich 1:30 Stunden, wobei 60 Minuten aktive Lernzeit ist und davor z. B. Fragen des vorherigen Kurses bearbeitet werden und die Instrumente gestimmt werden. <br>Preis:\u00a04 Unterrichtsstunden pro Monat kosten 60\u20ac\/Monat<\/p><p><strong>Weiterf\u00fchrende Kurse<\/strong><\/p><p>Nach den Anf\u00e4nger Kursen geht es hier weiter f\u00fcr die Sch\u00fcler, bei diesen Kursen k\u00f6nnen auch Quereinsteiger dazu kommen, wenn ihre F\u00e4higkeiten zu einem der Kurse passen. Ansonsten empfehlen wir Quereinsteigern die wichtigsten Grundlagen wie das lesen von Noten in unseren Anf\u00e4nger Kursen nachzuholen.<\/p><p>Die Kurse finden in der Regel zwei mal die Woche statt, wenn nicht anders vereinbart.<br>Preis: 8 Stunden pro Monat kosten 80\u20ac\/Monat<\/p><p><strong>Fortgeschrittene Kurse<\/strong>&nbsp;und Privatstunden<\/p><p>Fortgeschrittene Spieler die bereits problemlos Lieder spielen und Noten lesen k\u00f6nnen hei\u00dfen wir dazu willkommen sich unseren Musik Gruppen anzuschlie\u00dfen um die eigenen F\u00e4higkeiten weiter zu verbessern und gemeinsam mit anderen Fortgeschrittenen Musik zu machen.<\/p><p>F\u00fcr besonderes Training bieten wir zudem Privatstunden an, bei denen effektiv ein bestimmtes Ziel angestrebt wird.<br>Dies bieten wir f\u00fcr Fortgeschrittene, als auch Anf\u00e4nger an.<br><\/p><p>Privatstunden unterliegen besonderen Anforderungen hinsichtlich der Motivation des Sch\u00fclers\/der Sch\u00fclerin. Preis auf Anfrage und Verf\u00fcgbarkeit.<\/p>","protected":false},"excerpt":{"rendered":"<p>Saz spielen lernen Die Baglama ist ein sehr interessantes Instrument, das bereits viele talentierte Menschen selber erlernen konnten. Jedoch hat heutzutage nicht mehr jeder die Zeit und die n\u00f6tige Hilfe um selbst ein Instrument zu erlernen. Im Internet finden sich zwar viele Hilfestellungen und Anleitungen, aber ohne die Hilfe eines Profis kann es passieren, dass [&hellip;]<\/p>\n","protected":false},"author":1,"featured_media":0,"parent":0,"menu_order":0,"comment_status":"closed","ping_status":"closed","template":"template-contact.php","meta":{"_exactmetrics_skip_tracking":false,"_exactmetrics_sitenote_active":false,"_exactmetrics_sitenote_note":"","_exactmetrics_sitenote_category":0,"spay_email":"","footnotes":""},"yst_prominent_words":[183,188,193,91,206,209,202,203,184,198,197,192,195,194,196,200,210,204],"_links":{"self":[{"href":"https:\/\/www.kirvemsazevi.com\/de\/wp-json\/wp\/v2\/pages\/61"}],"collection":[{"href":"https:\/\/www.kirvemsazevi.com\/de\/wp-json\/wp\/v2\/pages"}],"about":[{"href":"https:\/\/www.kirvemsazevi.com\/de\/wp-json\/wp\/v2\/types\/page"}],"author":[{"embeddable":true,"href":"https:\/\/www.kirvemsazevi.com\/de\/wp-json\/wp\/v2\/users\/1"}],"replies":[{"embeddable":true,"href":"https:\/\/www.kirvemsazevi.com\/de\/wp-json\/wp\/v2\/comments?post=61"}],"version-history":[{"count":3,"href":"https:\/\/www.kirvemsazevi.com\/de\/wp-json\/wp\/v2\/pages\/61\/revisions"}],"predecessor-version":[{"id":4898,"href":"https:\/\/www.kirvemsazevi.com\/de\/wp-json\/wp\/v2\/pages\/61\/revisions\/4898"}],"wp:attachment":[{"href":"https:\/\/www.kirvemsazevi.com\/de\/wp-json\/wp\/v2\/media?parent=61"}],"wp:term":[{"taxonomy":"yst_prominent_words","embeddable":true,"href":"https:\/\/www.kirvemsazevi.com\/de\/wp-json\/wp\/v2\/yst_prominent_words?post=61"}],"curies":[{"name":"wp","href":"https:\/\/api.w.org\/{rel}","templated":true}]}}