{"id":63,"date":"2018-04-11T00:21:06","date_gmt":"2018-04-10T22:21:06","guid":{"rendered":"http:\/\/www.cihanaba.www84.hostkraft.de\/wordpress\/?page_id=63"},"modified":"2018-12-07T02:29:56","modified_gmt":"2018-12-07T00:29:56","slug":"herstellung-reperatur","status":"publish","type":"page","link":"https:\/\/www.kirvemsazevi.com\/de\/herstellung-reperatur\/","title":{"rendered":"Werkstatt"},"content":{"rendered":"<div style=\"margin-top: -120px;\">\n<h2>Reparatur<\/h2>\n<p>In unserer professionellen Werkstatt reparieren wir Ihr Musikinstrument mit gr\u00f6\u00dfter Sorgfalt und Liebe zum Detail. F\u00fcr die Reparatur verwenden wir ausgesuchte Materialien in bester Qualit\u00e4t.<\/p>\n<div id=\"metaslider-id-87\" style=\"width: 100%; margin: 0 auto;\" class=\"ml-slider-3-90-0 metaslider metaslider-flex metaslider-87 ml-slider ms-theme-default nav-hidden\" role=\"region\" aria-roledescription=\"Slideshow\" aria-label=\"New Slideshow\">\n    <div id=\"metaslider_container_87\">\n        <div id=\"metaslider_87\">\n            <ul class='slides'>\n                <li style=\"display: block; width: 100%;\" class=\"slide-88 ms-image \" aria-roledescription=\"slide\" aria-label=\"slide-88\"><img loading=\"lazy\" decoding=\"async\" src=\"https:\/\/www.kirvemsazevi.com\/de\/wp-content\/uploads\/2018\/04\/DSC_0026-e1523996794235-700x300.jpg\" height=\"300\" width=\"700\" alt=\"\" class=\"slider-87 slide-88\" title=\"DSC_0026\" \/><\/li>\n                <li style=\"display: none; width: 100%;\" class=\"slide-89 ms-image \" aria-roledescription=\"slide\" aria-label=\"slide-89\"><img loading=\"lazy\" decoding=\"async\" src=\"https:\/\/www.kirvemsazevi.com\/de\/wp-content\/uploads\/2018\/04\/DSC_0024-700x300.jpg\" height=\"300\" width=\"700\" alt=\"\" class=\"slider-87 slide-89\" title=\"DSC_0024\" \/><\/li>\n                <li style=\"display: none; width: 100%;\" class=\"slide-90 ms-image \" aria-roledescription=\"slide\" aria-label=\"slide-90\"><img loading=\"lazy\" decoding=\"async\" src=\"https:\/\/www.kirvemsazevi.com\/de\/wp-content\/uploads\/2018\/04\/DSC_0023-700x300.jpg\" height=\"300\" width=\"700\" alt=\"\" class=\"slider-87 slide-90\" title=\"DSC_0023\" \/><\/li>\n                <li style=\"display: none; width: 100%;\" class=\"slide-91 ms-image \" aria-roledescription=\"slide\" aria-label=\"slide-91\"><img loading=\"lazy\" decoding=\"async\" src=\"https:\/\/www.kirvemsazevi.com\/de\/wp-content\/uploads\/2018\/04\/DSC_0022-700x300.jpg\" height=\"300\" width=\"700\" alt=\"\" class=\"slider-87 slide-91\" title=\"DSC_0022\" \/><\/li>\n            <\/ul>\n        <\/div>\n        \n    <\/div>\n<\/div>\n<h2>Unser Service:<\/h2>\n<h4>General\u00fcberholung (Tesviye)<\/h4>\n<h4>Korpus Reparatur (Tekne Onarim)<\/h4>\n<h4>Burgu- und Perde Tausch oder Einstellung<\/h4>\n<h4>Saiten-Tausch<\/h4>\n<div style=\"background: #f1f1f1; padding: 20px; color: black; font-weight: 400; font-size: 11pt; max-width: 400px; margin-top: 50px;\">Wir freuen uns auf Ihren Anruf!<br \/>\nTel : <a href=\"tel:+4915254116100\">+49 1525 411 610 0<\/a><br \/>\nEmail : <a href=\"mailto:info@kirvemsazevi.com\">info@kirvemsazevi.com<\/a><\/div>\n<\/div>\n","protected":false},"excerpt":{"rendered":"<p>Reparatur In unserer professionellen Werkstatt reparieren wir Ihr Musikinstrument mit gr\u00f6\u00dfter Sorgfalt und Liebe zum Detail. F\u00fcr die Reparatur verwenden wir ausgesuchte Materialien in bester Qualit\u00e4t. Unser Service: General\u00fcberholung (Tesviye) Korpus Reparatur (Tekne Onarim) Burgu- und Perde Tausch oder Einstellung Saiten-Tausch Wir freuen uns auf Ihren Anruf! Tel : +49 1525 411 610 0 Email [&hellip;]<\/p>\n","protected":false},"author":1,"featured_media":0,"parent":0,"menu_order":0,"comment_status":"closed","ping_status":"closed","template":"template-fullwidth.php","meta":{"_exactmetrics_skip_tracking":false,"_exactmetrics_sitenote_active":false,"_exactmetrics_sitenote_note":"","_exactmetrics_sitenote_category":0,"spay_email":"","footnotes":""},"yst_prominent_words":[105],"_links":{"self":[{"href":"https:\/\/www.kirvemsazevi.com\/de\/wp-json\/wp\/v2\/pages\/63"}],"collection":[{"href":"https:\/\/www.kirvemsazevi.com\/de\/wp-json\/wp\/v2\/pages"}],"about":[{"href":"https:\/\/www.kirvemsazevi.com\/de\/wp-json\/wp\/v2\/types\/page"}],"author":[{"embeddable":true,"href":"https:\/\/www.kirvemsazevi.com\/de\/wp-json\/wp\/v2\/users\/1"}],"replies":[{"embeddable":true,"href":"https:\/\/www.kirvemsazevi.com\/de\/wp-json\/wp\/v2\/comments?post=63"}],"version-history":[{"count":0,"href":"https:\/\/www.kirvemsazevi.com\/de\/wp-json\/wp\/v2\/pages\/63\/revisions"}],"wp:attachment":[{"href":"https:\/\/www.kirvemsazevi.com\/de\/wp-json\/wp\/v2\/media?parent=63"}],"wp:term":[{"taxonomy":"yst_prominent_words","embeddable":true,"href":"https:\/\/www.kirvemsazevi.com\/de\/wp-json\/wp\/v2\/yst_prominent_words?post=63"}],"curies":[{"name":"wp","href":"https:\/\/api.w.org\/{rel}","templated":true}]}}