{"id":694,"date":"2019-01-08T23:32:00","date_gmt":"2019-01-08T21:32:00","guid":{"rendered":"https:\/\/www.kirvemsazevi.com\/de\/?post_type=product&#038;p=694"},"modified":"2025-03-18T19:16:32","modified_gmt":"2025-03-18T17:16:32","slug":"3-x-saz-teli-pyramid-018-kurzhals-saz-saiten","status":"publish","type":"product","link":"https:\/\/www.kirvemsazevi.com\/de\/shop\/saz-teli-ve-aksesuar\/3-x-saz-teli-pyramid-018-kurzhals-saz-saiten\/","title":{"rendered":"3 x Saz Teli Pyramid 0,18 Kurzhals Saz Saiten"},"content":{"rendered":"<p>PYRAMID Kurzhals Baglama Saiten \/ Saz Teli 0,18<\/p>\n<p>Saiten Gr\u00f6\u00dfen: <\/p>\n<p>2 x 0,18<br \/>\n1 x 0,20<br \/>\n2 x 0,28<br \/>\n1 x 0,43<br \/>\n1 x 0,58<\/p>\n<p>F\u00fcr den Einen m\u00f6gen es nur schlichte Dr\u00e4hte sein, tats\u00e4chlich aber sind die Saiten ein nicht zu untersch\u00e4tzender Bestandteil des Sounds. Die Saiten sind die Verbindung zwischen den Fingern und dem Instrument. Deshalb ist es wichtig, immer das beste Material zu verwenden.<br \/>\nPYRAMID Qualit\u00e4ts-Saiten sind aus feinsten Materialien mit gr\u00f6\u00dfter Pr\u00e4zision und Fachkenntnis hergestellt, zuverl\u00e4ssig und tonrein.<\/p>\n","protected":false},"excerpt":{"rendered":"<p>PYRAMID Kurzhals Baglama Saiten \/ Saz Teli 0,18 Saiten Gr\u00f6\u00dfen: 2 x 0,18 1 x 0,20 2 x 0,28 1 x 0,43 1 x 0,58 F\u00fcr den Einen m\u00f6gen es nur schlichte Dr\u00e4hte sein, tats\u00e4chlich aber sind die Saiten ein nicht zu untersch\u00e4tzender Bestandteil des Sounds. Die Saiten sind die Verbindung zwischen den Fingern und [&hellip;]<\/p>\n","protected":false},"featured_media":179,"template":"","meta":{"_exactmetrics_skip_tracking":false,"_exactmetrics_sitenote_active":false,"_exactmetrics_sitenote_note":"","_exactmetrics_sitenote_category":0,"spay_email":""},"product_cat":[44],"product_tag":[71,66,65,59,55,62,69,52,60,73,72,61,47,57,63,67,64,58,77,75,76,48,68,74,70],"_links":{"self":[{"href":"https:\/\/www.kirvemsazevi.com\/de\/wp-json\/wp\/v2\/product\/694"}],"collection":[{"href":"https:\/\/www.kirvemsazevi.com\/de\/wp-json\/wp\/v2\/product"}],"about":[{"href":"https:\/\/www.kirvemsazevi.com\/de\/wp-json\/wp\/v2\/types\/product"}],"wp:featuredmedia":[{"embeddable":true,"href":"https:\/\/www.kirvemsazevi.com\/de\/wp-json\/wp\/v2\/media\/179"}],"wp:attachment":[{"href":"https:\/\/www.kirvemsazevi.com\/de\/wp-json\/wp\/v2\/media?parent=694"}],"wp:term":[{"taxonomy":"product_cat","embeddable":true,"href":"https:\/\/www.kirvemsazevi.com\/de\/wp-json\/wp\/v2\/product_cat?post=694"},{"taxonomy":"product_tag","embeddable":true,"href":"https:\/\/www.kirvemsazevi.com\/de\/wp-json\/wp\/v2\/product_tag?post=694"}],"curies":[{"name":"wp","href":"https:\/\/api.w.org\/{rel}","templated":true}]}}