{"id":936,"date":"2019-12-29T00:51:22","date_gmt":"2019-12-28T22:51:22","guid":{"rendered":"https:\/\/www.kirvemsazevi.com\/de\/?post_type=product&#038;p=936"},"modified":"2025-03-18T19:16:14","modified_gmt":"2025-03-18T17:16:14","slug":"3-stck-saz-teli-pyramid-020-langhals-saz-saiten","status":"publish","type":"product","link":"https:\/\/www.kirvemsazevi.com\/de\/shop\/saz-teli-ve-aksesuar\/3-stck-saz-teli-pyramid-020-langhals-saz-saiten\/","title":{"rendered":"3 Stck Saz Teli Pyramid 0,20 Langhals Saz Saiten"},"content":{"rendered":"<p>PYRAMID Langhals Baglama Saiten \/ Saz teli 0,20<\/p>\n<p>Saiten Gr\u00f6\u00dfen:<\/p>\n<p>2 x 0,20<\/p>\n<p>1 x 0,22<\/p>\n<p>2 x 0,30<\/p>\n<p>1 x 0,45<\/p>\n<p>1 x 0,56<\/p>\n<p>Paketinhalt: 3 x Komplettsaiten<\/p>\n<p>F\u00fcr den Einen m\u00f6gen es nur schlichte Dr\u00e4hte sein, tats\u00e4chlich aber sind die Saiten ein nicht zu untersch\u00e4tzender Bestandteil des Sounds. Die Saiten sind die Verbindung zwischen den Fingern und dem Instrument. Deshalb ist es wichtig, immer das beste Material zu verwenden.<br \/>\nPYRAMID Qualit\u00e4ts-Saiten sind aus feinsten Materialien mit gr\u00f6\u00dfter Pr\u00e4zision und Fachkenntnis hergestellt, zuverl\u00e4ssig und tonrein.<\/p>\n","protected":false},"excerpt":{"rendered":"<p>PYRAMID Langhals Baglama Saiten \/ Saz teli 0,20 Saiten Gr\u00f6\u00dfen: 2 x 0,20 1 x 0,22 2 x 0,30 1 x 0,45 1 x 0,56 Paketinhalt: 3 x Komplettsaiten F\u00fcr den Einen m\u00f6gen es nur schlichte Dr\u00e4hte sein, tats\u00e4chlich aber sind die Saiten ein nicht zu untersch\u00e4tzender Bestandteil des Sounds. Die Saiten sind die Verbindung [&hellip;]<\/p>\n","protected":false},"featured_media":183,"template":"","meta":{"_exactmetrics_skip_tracking":false,"_exactmetrics_sitenote_active":false,"_exactmetrics_sitenote_note":"","_exactmetrics_sitenote_category":0,"spay_email":""},"product_cat":[44],"product_tag":[71,66,65,59,55,62,69,52,60,73,72,61,47,57,63,67,64,58,77,75,76,48,68,74,70],"_links":{"self":[{"href":"https:\/\/www.kirvemsazevi.com\/de\/wp-json\/wp\/v2\/product\/936"}],"collection":[{"href":"https:\/\/www.kirvemsazevi.com\/de\/wp-json\/wp\/v2\/product"}],"about":[{"href":"https:\/\/www.kirvemsazevi.com\/de\/wp-json\/wp\/v2\/types\/product"}],"wp:featuredmedia":[{"embeddable":true,"href":"https:\/\/www.kirvemsazevi.com\/de\/wp-json\/wp\/v2\/media\/183"}],"wp:attachment":[{"href":"https:\/\/www.kirvemsazevi.com\/de\/wp-json\/wp\/v2\/media?parent=936"}],"wp:term":[{"taxonomy":"product_cat","embeddable":true,"href":"https:\/\/www.kirvemsazevi.com\/de\/wp-json\/wp\/v2\/product_cat?post=936"},{"taxonomy":"product_tag","embeddable":true,"href":"https:\/\/www.kirvemsazevi.com\/de\/wp-json\/wp\/v2\/product_tag?post=936"}],"curies":[{"name":"wp","href":"https:\/\/api.w.org\/{rel}","templated":true}]}}