{"id":995,"date":"2020-04-06T15:30:10","date_gmt":"2020-04-06T13:30:10","guid":{"rendered":"https:\/\/www.kirvemsazevi.com\/de\/?post_type=product&#038;p=995"},"modified":"2023-12-24T13:46:07","modified_gmt":"2023-12-24T11:46:07","slug":"professionel-baglama-premium-langhals-uzun-sap-ardic-holz","status":"publish","type":"product","link":"https:\/\/www.kirvemsazevi.com\/de\/shop\/baglama\/professionel-baglama-premium-langhals-uzun-sap-ardic-holz\/","title":{"rendered":"Professionel Baglama Premium Langhals\/Uzun Sap Ardic Holz"},"content":{"rendered":"<p>Dieses Instrument wurde in unserer eigenen Manufaktur hergestellt.<br \/>\nDas Griffdesign kann je nach Produktion sich \u00e4ndern. Holz ist das gleiche<\/p>\n<p>&nbsp;<\/p>\n<ul>\n<li>Holz L\u00e4nge: 40 cm<\/li>\n<li>Holzart: &nbsp; &nbsp; &nbsp; &nbsp;Ardic<\/li>\n<li>Griff: &nbsp; &nbsp; &nbsp; &nbsp; &nbsp; &nbsp; Ak G\u00fcrgen mit hochwertigem Abanoz Holz f\u00fcr mehr Halt<\/li>\n<li>Brust: &nbsp; &nbsp; &nbsp; &nbsp; &nbsp; Ladin g\u00f6g\u00fcs<\/li>\n<li>Burgu: &nbsp; &nbsp; &nbsp; &nbsp; &nbsp;Abanoz<\/li>\n<li>Lieferumfang: Tasche, 1 Plektrum<\/li>\n<\/ul>\n","protected":false},"excerpt":{"rendered":"<p>Dieses Instrument wurde in unserer eigenen Manufaktur hergestellt. Das Griffdesign kann je nach Produktion sich \u00e4ndern. Holz ist das gleiche &nbsp; Holz L\u00e4nge: 40 cm Holzart: &nbsp; &nbsp; &nbsp; &nbsp;Ardic Griff: &nbsp; &nbsp; &nbsp; &nbsp; &nbsp; &nbsp; Ak G\u00fcrgen mit hochwertigem Abanoz Holz f\u00fcr mehr Halt Brust: &nbsp; &nbsp; &nbsp; &nbsp; &nbsp; Ladin g\u00f6g\u00fcs Burgu: [&hellip;]<\/p>\n","protected":false},"featured_media":549,"template":"","meta":{"_exactmetrics_skip_tracking":false,"_exactmetrics_sitenote_active":false,"_exactmetrics_sitenote_note":"","_exactmetrics_sitenote_category":0,"spay_email":""},"product_cat":[16],"product_tag":[71,66,65,59,55,62,69,52,60,73,72,61,47,57,63,67,64,58,77,75,76,48,68,74,70],"_links":{"self":[{"href":"https:\/\/www.kirvemsazevi.com\/de\/wp-json\/wp\/v2\/product\/995"}],"collection":[{"href":"https:\/\/www.kirvemsazevi.com\/de\/wp-json\/wp\/v2\/product"}],"about":[{"href":"https:\/\/www.kirvemsazevi.com\/de\/wp-json\/wp\/v2\/types\/product"}],"wp:featuredmedia":[{"embeddable":true,"href":"https:\/\/www.kirvemsazevi.com\/de\/wp-json\/wp\/v2\/media\/549"}],"wp:attachment":[{"href":"https:\/\/www.kirvemsazevi.com\/de\/wp-json\/wp\/v2\/media?parent=995"}],"wp:term":[{"taxonomy":"product_cat","embeddable":true,"href":"https:\/\/www.kirvemsazevi.com\/de\/wp-json\/wp\/v2\/product_cat?post=995"},{"taxonomy":"product_tag","embeddable":true,"href":"https:\/\/www.kirvemsazevi.com\/de\/wp-json\/wp\/v2\/product_tag?post=995"}],"curies":[{"name":"wp","href":"https:\/\/api.w.org\/{rel}","templated":true}]}}