{"id":10,"date":"2018-04-09T15:39:46","date_gmt":"2018-04-09T13:39:46","guid":{"rendered":"http:\/\/localhost\/wordpress\/?page_id=10"},"modified":"2018-05-16T00:42:50","modified_gmt":"2018-05-15T22:42:50","slug":"welcome","status":"publish","type":"page","link":"https:\/\/www.kirvemsazevi.com\/tr\/","title":{"rendered":"Anasayfa"},"content":{"rendered":"<p>Herzlich Willkommen,<\/p>\n<p>auf unserer Website finden Sie zur jeder Kategorie Baglama Instrumente und das passende Zubeh\u00f6r.<br \/>\nDurch unsere Langj\u00e4hrige Erfahrung haben wir es uns zur Aufgabe gemacht Baglama Instrumente nach Ihren individuellen W\u00fcnschen anzufertigen.<\/p>\n<p>Unter dem Link <a href=\"http:\/\/www.kirvemsazevi.com\/de\/herstellung-reperatur\/\">Werkstatt<\/a> k\u00f6nnen Sie weitere Informationen zu unserem Reparatur Service erhalten.<\/p>\n<p>Wir freuen uns auf Ihren Besuch!<\/p>\n","protected":false},"excerpt":{"rendered":"<p>Herzlich Willkommen, auf unserer Website finden Sie zur jeder Kategorie Baglama Instrumente und das passende Zubeh\u00f6r. Durch unsere Langj\u00e4hrige Erfahrung haben wir es uns zur Aufgabe gemacht Baglama Instrumente nach Ihren individuellen W\u00fcnschen anzufertigen. Unter dem Link Werkstatt k\u00f6nnen Sie weitere Informationen zu unserem Reparatur Service erhalten. Wir freuen uns auf Ihren Besuch!<\/p>\n","protected":false},"author":1,"featured_media":0,"parent":0,"menu_order":0,"comment_status":"closed","ping_status":"closed","template":"","meta":[],"yst_prominent_words":[],"_links":{"self":[{"href":"https:\/\/www.kirvemsazevi.com\/tr\/wp-json\/wp\/v2\/pages\/10"}],"collection":[{"href":"https:\/\/www.kirvemsazevi.com\/tr\/wp-json\/wp\/v2\/pages"}],"about":[{"href":"https:\/\/www.kirvemsazevi.com\/tr\/wp-json\/wp\/v2\/types\/page"}],"author":[{"embeddable":true,"href":"https:\/\/www.kirvemsazevi.com\/tr\/wp-json\/wp\/v2\/users\/1"}],"replies":[{"embeddable":true,"href":"https:\/\/www.kirvemsazevi.com\/tr\/wp-json\/wp\/v2\/comments?post=10"}],"version-history":[{"count":6,"href":"https:\/\/www.kirvemsazevi.com\/tr\/wp-json\/wp\/v2\/pages\/10\/revisions"}],"predecessor-version":[{"id":343,"href":"https:\/\/www.kirvemsazevi.com\/tr\/wp-json\/wp\/v2\/pages\/10\/revisions\/343"}],"wp:attachment":[{"href":"https:\/\/www.kirvemsazevi.com\/tr\/wp-json\/wp\/v2\/media?parent=10"}],"wp:term":[{"taxonomy":"yst_prominent_words","embeddable":true,"href":"https:\/\/www.kirvemsazevi.com\/tr\/wp-json\/wp\/v2\/yst_prominent_words?post=10"}],"curies":[{"name":"wp","href":"https:\/\/api.w.org\/{rel}","templated":true}]}}