{"id":120,"date":"2018-04-17T22:29:11","date_gmt":"2018-04-17T20:29:11","guid":{"rendered":"http:\/\/www.cihanaba.www84.hostkraft.de\/wordpress\/?page_id=120"},"modified":"2018-05-27T20:38:56","modified_gmt":"2018-05-27T18:38:56","slug":"atoelye","status":"publish","type":"page","link":"https:\/\/www.kirvemsazevi.com\/tr\/atoelye\/","title":{"rendered":"At\u00f6lye"},"content":{"rendered":"<div style=\"margin-top: -120px;\">\n<h1>At\u00f6lye<\/h1>\n<p>2003 den itibaren el yapimi Ba\u011flama yapmaktayiz. Ayni zamanda Ba\u011flama i\u00e7in her t\u00fcrl\u00fc aksesuar da mevcuttur.<br \/>\nTeknik tavsiye, Saz enstr\u00fcmanlar\u0131n\u0131 \u00fcretme bilgi ve becerisiyle, m\u00fczik tercihleriniz i\u00e7in dogru se\u00e7imi garanti ederiz.<\/p>\n<div id=\"metaslider-id-113\" style=\"width: 100%; margin: 0 auto;\" class=\"ml-slider-3-15-1 metaslider metaslider-flex metaslider-113 ml-slider nav-hidden\">\n    <div id=\"metaslider_container_113\">\n        <div id=\"metaslider_113\">\n            <ul aria-live=\"polite\" class=\"slides\">\n                <li style=\"display: block; width: 100%;\" class=\"slide-114 ms-image\"><img src=\"https:\/\/www.kirvemsazevi.com\/tr\/wp-content\/uploads\/2018\/04\/IMG_1360-640x274.jpg\" height=\"300\" width=\"700\" alt=\"\" class=\"slider-113 slide-114\" title=\"IMG_1360\" \/><\/li>\n                <li style=\"display: none; width: 100%;\" class=\"slide-117 ms-image\"><img src=\"https:\/\/www.kirvemsazevi.com\/tr\/wp-content\/uploads\/2018\/04\/IMG_1358-640x274.jpg\" height=\"300\" width=\"700\" alt=\"\" class=\"slider-113 slide-117\" title=\"IMG_1358\" \/><\/li>\n                <li style=\"display: none; width: 100%;\" class=\"slide-116 ms-image\"><img src=\"https:\/\/www.kirvemsazevi.com\/tr\/wp-content\/uploads\/2018\/04\/IMG_1371-640x274.jpg\" height=\"300\" width=\"700\" alt=\"\" class=\"slider-113 slide-116\" title=\"IMG_1371\" \/><\/li>\n                <li style=\"display: none; width: 100%;\" class=\"slide-115 ms-image\"><img src=\"https:\/\/www.kirvemsazevi.com\/tr\/wp-content\/uploads\/2018\/04\/IMG_1361-640x274.jpg\" height=\"300\" width=\"700\" alt=\"\" class=\"slider-113 slide-115\" title=\"IMG_1361\" \/><\/li>\n                <li style=\"display: none; width: 100%;\" class=\"slide-119 ms-image\"><img src=\"https:\/\/www.kirvemsazevi.com\/tr\/wp-content\/uploads\/2018\/04\/IMG_1362-640x274.jpg\" height=\"300\" width=\"700\" alt=\"\" class=\"slider-113 slide-119\" title=\"IMG_1362\" \/><\/li>\n                <li style=\"display: none; width: 100%;\" class=\"slide-118 ms-image\"><img src=\"https:\/\/www.kirvemsazevi.com\/tr\/wp-content\/uploads\/2018\/04\/IMG_1363-640x274.jpg\" height=\"300\" width=\"700\" alt=\"\" class=\"slider-113 slide-118\" title=\"IMG_1363\" \/><\/li>\n            <\/ul>\n        <\/div>\n        \n    <\/div>\n<\/div>\n<h2>En ba\u015findan tavsiye ve servis<\/h2>\n<p>\u00d6zellikle m\u00fczik end\u00fcstrisinde, bireysel gereksinimler\u0131 kars\u0131lamas\u0131 gereken iyi bir Saz ara\u00e7inin se\u00e7imi, uzman birinin tavsiyesine ba\u011flidir.<br \/>\nProfesyonel m\u00fczisyenler kendi enstr\u00fcmanlar\u0131n\u0131n se\u00e7\u0131m\u0131nde kritik \u00f6neme sahip ve her zamankinden daha y\u00fcksek taleplerde bulunurlar.<\/p>\n<p>Bir m\u00fczik aleti daima m\u00fczisyenin bireysel gereksinimlerini kars\u0131lamal\u0131d\u0131r. Bu nedenle, bireysel ve profesyonel tavsiyelere \u00f6nem veriyoruz.<\/p>\n<\/div>\n<h2 class=\"xr_tl Heading_2\">Bizi burda bulabilirsiniz<\/h2>\n<div style=\"position: relative; height: 0; overflow: hidden; padding-bottom: 50%;\"><iframe loading=\"lazy\" style=\"position: absolute; border: 0; width: 100% !important; height: 100% !important; top: 0; left: 0;\" src=\"https:\/\/www.google.com\/maps\/embed?pb=!1m18!1m12!1m3!1d2566.076708849459!2d8.34558131571414!3d49.972419979412294!2m3!1f0!2f0!3f0!3m2!1i1024!2i768!4f13.1!3m3!1m2!1s0x0%3A0x7260a9095a689291!2sKirvem+Saz+Evi!5e0!3m2!1sde!2sde!4v1525462785269\" width=\"300\" height=\"150\" frameborder=\"0\" allowfullscreen=\"allowfullscreen\"><\/iframe><\/div>\n","protected":false},"excerpt":{"rendered":"<p>At\u00f6lye 2003 den itibaren el yapimi Ba\u011flama yapmaktayiz. Ayni zamanda Ba\u011flama i\u00e7in her t\u00fcrl\u00fc aksesuar da mevcuttur. Teknik tavsiye, Saz enstr\u00fcmanlar\u0131n\u0131 \u00fcretme bilgi ve becerisiyle, m\u00fczik tercihleriniz i\u00e7in dogru se\u00e7imi garanti ederiz. En ba\u015findan tavsiye ve servis \u00d6zellikle m\u00fczik end\u00fcstrisinde, bireysel gereksinimler\u0131 kars\u0131lamas\u0131 gereken iyi bir Saz ara\u00e7inin se\u00e7imi, uzman birinin tavsiyesine ba\u011flidir. Profesyonel m\u00fczisyenler [&hellip;]<\/p>\n","protected":false},"author":1,"featured_media":0,"parent":0,"menu_order":0,"comment_status":"closed","ping_status":"closed","template":"","meta":[],"yst_prominent_words":[],"_links":{"self":[{"href":"https:\/\/www.kirvemsazevi.com\/tr\/wp-json\/wp\/v2\/pages\/120"}],"collection":[{"href":"https:\/\/www.kirvemsazevi.com\/tr\/wp-json\/wp\/v2\/pages"}],"about":[{"href":"https:\/\/www.kirvemsazevi.com\/tr\/wp-json\/wp\/v2\/types\/page"}],"author":[{"embeddable":true,"href":"https:\/\/www.kirvemsazevi.com\/tr\/wp-json\/wp\/v2\/users\/1"}],"replies":[{"embeddable":true,"href":"https:\/\/www.kirvemsazevi.com\/tr\/wp-json\/wp\/v2\/comments?post=120"}],"version-history":[{"count":10,"href":"https:\/\/www.kirvemsazevi.com\/tr\/wp-json\/wp\/v2\/pages\/120\/revisions"}],"predecessor-version":[{"id":407,"href":"https:\/\/www.kirvemsazevi.com\/tr\/wp-json\/wp\/v2\/pages\/120\/revisions\/407"}],"wp:attachment":[{"href":"https:\/\/www.kirvemsazevi.com\/tr\/wp-json\/wp\/v2\/media?parent=120"}],"wp:term":[{"taxonomy":"yst_prominent_words","embeddable":true,"href":"https:\/\/www.kirvemsazevi.com\/tr\/wp-json\/wp\/v2\/yst_prominent_words?post=120"}],"curies":[{"name":"wp","href":"https:\/\/api.w.org\/{rel}","templated":true}]}}