{"id":30,"date":"2018-04-09T17:58:02","date_gmt":"2018-04-09T15:58:02","guid":{"rendered":"http:\/\/localhost\/wordpress\/versandarten\/"},"modified":"2018-10-30T22:53:21","modified_gmt":"2018-10-30T20:53:21","slug":"versandarten","status":"publish","type":"page","link":"https:\/\/www.kirvemsazevi.com\/tr\/versandarten\/","title":{"rendered":"Kargo Se\u00e7enekleri"},"content":{"rendered":"<div style=\"margin-top: -100px;\">\n<h3>Almanya i\u00e7i kargo bedava<\/h3>\n<p>Almanya i\u00e7i kargo (Ula\u015fim s\u00fcresi 2-3 G\u00fcn)<br \/>\nPaket kargo DPD (Ula\u015fim s\u00fcresi 2-3 G\u00fcn, 500\u20ac ya kadar cargo sigorta dahil)<br \/>\nB\u00fct\u00fcn Baglamalarimiz korunmus sekilde paketlenip g\u00f6nderilir. <\/p>\n<p>Avrupa ve USA kargo fiyatlari<br \/>\n(Isvi\u00e7re ve USA i\u00e7in G\u00fcmr\u00fck bedeli \u00f6deyebilirsiniz)<br \/>\nDeutsche Post ula\u015fim s\u00fcresi (4-6 i\u015f g\u00fcn\u00fc)<\/p>\n<table style=\"width: 200px;text-align:right;\">\n<tbody>\n<tr>\n<td>Ba\u011flama Tel\u0131<\/td>\n<td>0,90\u20ac<\/td>\n<\/tr>\n<tr>\n<td>Saz Keleb\u00e7e<\/td>\n<td>3,50\u20ac<\/td>\n<\/tr>\n<\/tbody>\n<\/table>\n<p>Paket kargo 500\u20ac ya kadar sigortal\u0131, B\u00fct\u00fcn Baglamalarimiz korunmus sekilde paketlenip g\u00f6nderilir.<br \/>\n(Ula\u015fim s\u00fcresi 4-6 is g\u00fcn\u00fc, USA 14 is g\u00fcn\u00fc)<\/p>\n<table style=\"width: 200px;text-align:right;\">\n<tbody>\n<tr>\n<td>Saz K\u0131l\u0131f\u0131<\/td>\n<td>9,99\u20ac<\/td>\n<\/tr>\n<tr>\n<td>Saz Ba\u011flama<\/td>\n<td>9,99\u20ac<\/td>\n<\/tr>\n<\/tbody>\n<\/table>\n<\/div>\n","protected":false},"excerpt":{"rendered":"<p>Almanya i\u00e7i kargo bedava Almanya i\u00e7i kargo (Ula\u015fim s\u00fcresi 2-3 G\u00fcn) Paket kargo DPD (Ula\u015fim s\u00fcresi 2-3 G\u00fcn, 500\u20ac ya kadar cargo sigorta dahil) B\u00fct\u00fcn Baglamalarimiz korunmus sekilde paketlenip g\u00f6nderilir. Avrupa ve USA kargo fiyatlari (Isvi\u00e7re ve USA i\u00e7in G\u00fcmr\u00fck bedeli \u00f6deyebilirsiniz) Deutsche Post ula\u015fim s\u00fcresi (4-6 i\u015f g\u00fcn\u00fc) Ba\u011flama Tel\u0131 0,90\u20ac Saz Keleb\u00e7e 3,50\u20ac [&hellip;]<\/p>\n","protected":false},"author":1,"featured_media":0,"parent":0,"menu_order":0,"comment_status":"closed","ping_status":"closed","template":"","meta":[],"yst_prominent_words":[],"_links":{"self":[{"href":"https:\/\/www.kirvemsazevi.com\/tr\/wp-json\/wp\/v2\/pages\/30"}],"collection":[{"href":"https:\/\/www.kirvemsazevi.com\/tr\/wp-json\/wp\/v2\/pages"}],"about":[{"href":"https:\/\/www.kirvemsazevi.com\/tr\/wp-json\/wp\/v2\/types\/page"}],"author":[{"embeddable":true,"href":"https:\/\/www.kirvemsazevi.com\/tr\/wp-json\/wp\/v2\/users\/1"}],"replies":[{"embeddable":true,"href":"https:\/\/www.kirvemsazevi.com\/tr\/wp-json\/wp\/v2\/comments?post=30"}],"version-history":[{"count":15,"href":"https:\/\/www.kirvemsazevi.com\/tr\/wp-json\/wp\/v2\/pages\/30\/revisions"}],"predecessor-version":[{"id":480,"href":"https:\/\/www.kirvemsazevi.com\/tr\/wp-json\/wp\/v2\/pages\/30\/revisions\/480"}],"wp:attachment":[{"href":"https:\/\/www.kirvemsazevi.com\/tr\/wp-json\/wp\/v2\/media?parent=30"}],"wp:term":[{"taxonomy":"yst_prominent_words","embeddable":true,"href":"https:\/\/www.kirvemsazevi.com\/tr\/wp-json\/wp\/v2\/yst_prominent_words?post=30"}],"curies":[{"name":"wp","href":"https:\/\/api.w.org\/{rel}","templated":true}]}}