{"id":5,"date":"2018-04-09T15:26:15","date_gmt":"2018-04-09T15:26:15","guid":{"rendered":"http:\/\/localhost\/wordpress\/cart\/"},"modified":"2018-05-16T00:36:44","modified_gmt":"2018-05-15T22:36:44","slug":"cart-2","status":"publish","type":"page","link":"https:\/\/www.kirvemsazevi.com\/tr\/cart-2\/","title":{"rendered":"Al\u0131\u015fveri\u015f Sepeti"},"content":{"rendered":"\n","protected":false},"excerpt":{"rendered":"","protected":false},"author":1,"featured_media":0,"parent":0,"menu_order":0,"comment_status":"closed","ping_status":"closed","template":"","meta":[],"yst_prominent_words":[],"_links":{"self":[{"href":"https:\/\/www.kirvemsazevi.com\/tr\/wp-json\/wp\/v2\/pages\/5"}],"collection":[{"href":"https:\/\/www.kirvemsazevi.com\/tr\/wp-json\/wp\/v2\/pages"}],"about":[{"href":"https:\/\/www.kirvemsazevi.com\/tr\/wp-json\/wp\/v2\/types\/page"}],"author":[{"embeddable":true,"href":"https:\/\/www.kirvemsazevi.com\/tr\/wp-json\/wp\/v2\/users\/1"}],"replies":[{"embeddable":true,"href":"https:\/\/www.kirvemsazevi.com\/tr\/wp-json\/wp\/v2\/comments?post=5"}],"version-history":[{"count":2,"href":"https:\/\/www.kirvemsazevi.com\/tr\/wp-json\/wp\/v2\/pages\/5\/revisions"}],"predecessor-version":[{"id":331,"href":"https:\/\/www.kirvemsazevi.com\/tr\/wp-json\/wp\/v2\/pages\/5\/revisions\/331"}],"wp:attachment":[{"href":"https:\/\/www.kirvemsazevi.com\/tr\/wp-json\/wp\/v2\/media?parent=5"}],"wp:term":[{"taxonomy":"yst_prominent_words","embeddable":true,"href":"https:\/\/www.kirvemsazevi.com\/tr\/wp-json\/wp\/v2\/yst_prominent_words?post=5"}],"curies":[{"name":"wp","href":"https:\/\/api.w.org\/{rel}","templated":true}]}}