{"id":63,"date":"2018-04-11T00:21:06","date_gmt":"2018-04-10T22:21:06","guid":{"rendered":"http:\/\/www.cihanaba.www84.hostkraft.de\/wordpress\/?page_id=63"},"modified":"2018-05-27T20:40:38","modified_gmt":"2018-05-27T18:40:38","slug":"saz-tamiri","status":"publish","type":"page","link":"https:\/\/www.kirvemsazevi.com\/tr\/saz-tamiri\/","title":{"rendered":"Tamirhane"},"content":{"rendered":"<div style=\"margin-top: -120px;\">\n<h2>Baglama \/ Saz Tamiri<\/h2>\n<p>Sazlar\u0131m\u0131z\u0131 b\u00fcy\u00fck bir titizlik ve \u00f6zen ile tamir etmekdeyiz. Tamirlerimiz i\u00e7in sadece kaliteli malzeme kullanmaktayiz.<br \/>\n<div id=\"metaslider-id-87\" style=\"width: 100%; margin: 0 auto;\" class=\"ml-slider-3-15-1 metaslider metaslider-flex metaslider-87 ml-slider nav-hidden\">\n    <div id=\"metaslider_container_87\">\n        <div id=\"metaslider_87\">\n            <ul aria-live=\"polite\" class=\"slides\">\n                <li style=\"display: block; width: 100%;\" class=\"slide-88 ms-image\"><img src=\"https:\/\/www.kirvemsazevi.com\/tr\/wp-content\/uploads\/2018\/04\/DSC_0026-e1523996794235-700x300.jpg\" height=\"300\" width=\"700\" alt=\"\" class=\"slider-87 slide-88\" title=\"DSC_0026\" \/><\/li>\n                <li style=\"display: none; width: 100%;\" class=\"slide-89 ms-image\"><img src=\"https:\/\/www.kirvemsazevi.com\/tr\/wp-content\/uploads\/2018\/04\/DSC_0024-700x300.jpg\" height=\"300\" width=\"700\" alt=\"\" class=\"slider-87 slide-89\" title=\"DSC_0024\" \/><\/li>\n                <li style=\"display: none; width: 100%;\" class=\"slide-90 ms-image\"><img src=\"https:\/\/www.kirvemsazevi.com\/tr\/wp-content\/uploads\/2018\/04\/DSC_0023-700x300.jpg\" height=\"300\" width=\"700\" alt=\"\" class=\"slider-87 slide-90\" title=\"DSC_0023\" \/><\/li>\n                <li style=\"display: none; width: 100%;\" class=\"slide-91 ms-image\"><img src=\"https:\/\/www.kirvemsazevi.com\/tr\/wp-content\/uploads\/2018\/04\/DSC_0022-700x300.jpg\" height=\"300\" width=\"700\" alt=\"\" class=\"slider-87 slide-91\" title=\"DSC_0022\" \/><\/li>\n            <\/ul>\n        <\/div>\n        \n    <\/div>\n<\/div><\/p>\n<h2>Tamir \u00e7esitleri<\/h2>\n<h4>Genel Tesviye<\/h4>\n<h4>Tekne Onarim<\/h4>\n<h4>Burgu ve Perde de\u011fisdirme<\/h4>\n<h4>Tel de\u011fisdirme<\/h4>\n<h2>Bizi aray\u0131n<\/h2>\n<div style=\"background: #f1f1f1; padding: 20px; color: black; font-weight: 400; font-size: 11pt; max-width: 400px; margin-top: 50px;\">\nTel : <a href=\"tel:+4915254116100\">+49 1525 411 610 0<\/a><br \/>\nEmail : <a href=\"mailto:info@kirvemsazevi.com\">info@kirvemsazevi.com<\/a><\/div>\n<\/div>\n","protected":false},"excerpt":{"rendered":"<p>Baglama \/ Saz Tamiri Sazlar\u0131m\u0131z\u0131 b\u00fcy\u00fck bir titizlik ve \u00f6zen ile tamir etmekdeyiz. Tamirlerimiz i\u00e7in sadece kaliteli malzeme kullanmaktayiz. Tamir \u00e7esitleri Genel Tesviye Tekne Onarim Burgu ve Perde de\u011fisdirme Tel de\u011fisdirme Bizi aray\u0131n Tel : +49 1525 411 610 0 Email : info@kirvemsazevi.com<\/p>\n","protected":false},"author":1,"featured_media":0,"parent":0,"menu_order":0,"comment_status":"closed","ping_status":"closed","template":"template-fullwidth.php","meta":[],"yst_prominent_words":[],"_links":{"self":[{"href":"https:\/\/www.kirvemsazevi.com\/tr\/wp-json\/wp\/v2\/pages\/63"}],"collection":[{"href":"https:\/\/www.kirvemsazevi.com\/tr\/wp-json\/wp\/v2\/pages"}],"about":[{"href":"https:\/\/www.kirvemsazevi.com\/tr\/wp-json\/wp\/v2\/types\/page"}],"author":[{"embeddable":true,"href":"https:\/\/www.kirvemsazevi.com\/tr\/wp-json\/wp\/v2\/users\/1"}],"replies":[{"embeddable":true,"href":"https:\/\/www.kirvemsazevi.com\/tr\/wp-json\/wp\/v2\/comments?post=63"}],"version-history":[{"count":24,"href":"https:\/\/www.kirvemsazevi.com\/tr\/wp-json\/wp\/v2\/pages\/63\/revisions"}],"predecessor-version":[{"id":408,"href":"https:\/\/www.kirvemsazevi.com\/tr\/wp-json\/wp\/v2\/pages\/63\/revisions\/408"}],"wp:attachment":[{"href":"https:\/\/www.kirvemsazevi.com\/tr\/wp-json\/wp\/v2\/media?parent=63"}],"wp:term":[{"taxonomy":"yst_prominent_words","embeddable":true,"href":"https:\/\/www.kirvemsazevi.com\/tr\/wp-json\/wp\/v2\/yst_prominent_words?post=63"}],"curies":[{"name":"wp","href":"https:\/\/api.w.org\/{rel}","templated":true}]}}