{"id":474,"date":"2018-10-30T22:40:54","date_gmt":"2018-10-30T20:40:54","guid":{"rendered":"https:\/\/www.kirvemsazevi.com\/tr\/?post_type=product&#038;p=474"},"modified":"2025-12-15T09:24:59","modified_gmt":"2025-12-15T07:24:59","slug":"uzun-sap-pelesenk-baglama","status":"publish","type":"product","link":"https:\/\/www.kirvemsazevi.com\/tr\/shop\/baglama\/uzun-sap\/uzun-sap-pelesenk-baglama\/","title":{"rendered":"Baglama Premium Uzun Sap Maun"},"content":{"rendered":"<ul>\n<li style=\"list-style-type: none;\">\n<ul>\n<li>Tekne:<\/li>\n<li>Tekne Boyutu: 40<\/li>\n<li>Sap: \u00a0 \u00a0 \u00a0 G\u00fcrgen<\/li>\n<li>G\u00f6r\u00fcs : \u00a0 \u00a0Ladin<\/li>\n<li>Burgu: \u00a0 Ak G\u00fcrgen<\/li>\n<li>\u00c7antasi, saz teli sets ve m\u0131zrap dahil<\/li>\n<\/ul>\n<\/li>\n<\/ul>\n<p>Ba\u011flamalar\u0131m\u0131z korunmu\u015f \u015fekilde paketlenip, 500\u20ac ya kadar sigortal\u0131 g\u00f6nderilir<\/p>\n<p><iframe loading=\"lazy\" title=\"Uzun Sap Baglama Pelesenk Ses Tanitimi -Kirvem Saz Evi\" width=\"980\" height=\"551\" src=\"https:\/\/www.youtube.com\/embed\/tAkcmLgA6JY?feature=oembed\" frameborder=\"0\" allow=\"accelerometer; autoplay; clipboard-write; encrypted-media; gyroscope; picture-in-picture; web-share\" referrerpolicy=\"strict-origin-when-cross-origin\" allowfullscreen><\/iframe><\/p>\n","protected":false},"excerpt":{"rendered":"<p>Tekne: Tekne Boyutu: 40 Sap: \u00a0 \u00a0 \u00a0 G\u00fcrgen G\u00f6r\u00fcs : \u00a0 \u00a0Ladin Burgu: \u00a0 Ak G\u00fcrgen \u00c7antasi, saz teli sets ve m\u0131zrap dahil Ba\u011flamalar\u0131m\u0131z korunmu\u015f \u015fekilde paketlenip, 500\u20ac ya kadar sigortal\u0131 g\u00f6nderilir<\/p>\n","protected":false},"featured_media":478,"template":"","meta":[],"_links":{"self":[{"href":"https:\/\/www.kirvemsazevi.com\/tr\/wp-json\/wp\/v2\/product\/474"}],"collection":[{"href":"https:\/\/www.kirvemsazevi.com\/tr\/wp-json\/wp\/v2\/product"}],"about":[{"href":"https:\/\/www.kirvemsazevi.com\/tr\/wp-json\/wp\/v2\/types\/product"}],"wp:featuredmedia":[{"embeddable":true,"href":"https:\/\/www.kirvemsazevi.com\/tr\/wp-json\/wp\/v2\/media\/478"}],"wp:attachment":[{"href":"https:\/\/www.kirvemsazevi.com\/tr\/wp-json\/wp\/v2\/media?parent=474"}],"curies":[{"name":"wp","href":"https:\/\/api.w.org\/{rel}","templated":true}]}}