{"id":552,"date":"2020-04-06T15:34:39","date_gmt":"2020-04-06T13:34:39","guid":{"rendered":"https:\/\/www.kirvemsazevi.com\/tr\/?post_type=product&#038;p=552"},"modified":"2023-04-06T19:37:08","modified_gmt":"2023-04-06T17:37:08","slug":"uzun-sap-profesyonel-ozel-ardic-baglama","status":"publish","type":"product","link":"https:\/\/www.kirvemsazevi.com\/tr\/shop\/baglama\/uzun-sap\/uzun-sap-profesyonel-ozel-ardic-baglama\/","title":{"rendered":"Uzun Sap Profesyonel \u00d6zel Ardic Baglama"},"content":{"rendered":"<p>Bu Ba\u011flama kendi \u00fcretimimizdir.<\/p>\n<ul>\n<li style=\"list-style-type: none;\">\n<ul>\n<li>A\u011fa\u00e7: \u00a0 \u00a0 \u00a0 \u00d6zel Ardic Profesyonel Yapim<\/li>\n<li>Tekne boyut: 41 Tekne<\/li>\n<li>Sap: \u00a0 \u00a0 \u00a0 G\u00fcrgen Abanoz Tam Kaplama<\/li>\n<li>G\u00f6\u011f\u00fcs: \u00a0 \u00a0 \u00a0Ladin g\u00f6g\u00fcs<\/li>\n<li>Burgu: \u00a0 Abanoz<\/li>\n<li><\/li>\n<li>Dahil\u0131nde: \u00c7anta,\u00a0 1 M\u0131zrap<\/li>\n<\/ul>\n<\/li>\n<\/ul>\n<p>Ba\u011flamalar\u0131m\u0131z korunmu\u015f \u015fekilde paketlenip, 500\u20ac ya kadar sigortal\u0131 g\u00f6nderilir<\/p>\n","protected":false},"excerpt":{"rendered":"<p>Bu Ba\u011flama kendi \u00fcretimimizdir. A\u011fa\u00e7: \u00a0 \u00a0 \u00a0 \u00d6zel Ardic Profesyonel Yapim Tekne boyut: 41 Tekne Sap: \u00a0 \u00a0 \u00a0 G\u00fcrgen Abanoz Tam Kaplama G\u00f6\u011f\u00fcs: \u00a0 \u00a0 \u00a0Ladin g\u00f6g\u00fcs Burgu: \u00a0 Abanoz Dahil\u0131nde: \u00c7anta,\u00a0 1 M\u0131zrap Ba\u011flamalar\u0131m\u0131z korunmu\u015f \u015fekilde paketlenip, 500\u20ac ya kadar sigortal\u0131 g\u00f6nderilir<\/p>\n","protected":false},"featured_media":536,"template":"","meta":[],"_links":{"self":[{"href":"https:\/\/www.kirvemsazevi.com\/tr\/wp-json\/wp\/v2\/product\/552"}],"collection":[{"href":"https:\/\/www.kirvemsazevi.com\/tr\/wp-json\/wp\/v2\/product"}],"about":[{"href":"https:\/\/www.kirvemsazevi.com\/tr\/wp-json\/wp\/v2\/types\/product"}],"wp:featuredmedia":[{"embeddable":true,"href":"https:\/\/www.kirvemsazevi.com\/tr\/wp-json\/wp\/v2\/media\/536"}],"wp:attachment":[{"href":"https:\/\/www.kirvemsazevi.com\/tr\/wp-json\/wp\/v2\/media?parent=552"}],"curies":[{"name":"wp","href":"https:\/\/api.w.org\/{rel}","templated":true}]}}